{"id":93,"date":"2021-03-08T13:37:49","date_gmt":"2021-03-08T12:37:49","guid":{"rendered":"http:\/\/www.vodoprivreda.hr\/novi\/?page_id=93"},"modified":"2021-03-09T09:37:54","modified_gmt":"2021-03-09T08:37:54","slug":"pravila-privatnosti","status":"publish","type":"page","link":"https:\/\/www.vodoprivreda.hr\/novi\/pravila-privatnosti\/","title":{"rendered":"Pravila privatnosti"},"content":{"rendered":"\n<h2 class=\"wp-block-heading\"><strong>Koje podatke prikupljamo?<\/strong><\/h2>\n\n\n\n<h3 class=\"wp-block-heading\">Kontakt obrasci<\/h3>\n\n\n\n<p>Prikupljamo va\u0161e podatke pri ispunjavanju kontakt obrasca. <\/p>\n\n\n\n<p>Prilikom ispunjavanja kontakt obrasca, prema potrebi, od vas \u0107e se mo\u017eda tra\u017eiti da unesete svoje ime, adresu e-po\u0161te ili telefonski broj. Mo\u017eete, me\u0111utim, posjetiti na\u0161u stranicu i anonimno ako se tako odlu\u010dite.<\/p>\n\n\n\n<p>Bilo koja od informacija koje prikupimo od vas mo\u017ee se upotrijebiti na jedan od sljede\u0107ih na\u010dina:<\/p>\n\n\n\n<p>Slanje periodi\u010dnih poruka e-po\u0161te.<br>Adresa e-po\u0161te koju dajete mo\u017ee se koristiti za slanje podataka, odgovaranje na upite i \/ ili druge zahtjeve ili pitanja.<\/p>\n\n\n\n<h3 class=\"wp-block-heading\">Kola\u010di\u0107i<\/h3>\n\n\n\n<p>Koristimo kola\u010di\u0107e tre\u0107e strane \u2013 google.com (kola\u010di\u0107i su male datoteke koje web stranica ili njezin davatelj usluga prenosi na tvrdi disk va\u0161eg ra\u010dunala putem web preglednika (ako to dopustite) koji omogu\u0107uje web stranicama ili davateljima usluga da prepoznaju va\u0161 preglednik i pohranjuju odre\u0111ene informacije.<\/p>\n\n\n\n<p>Kola\u010di\u0107e upotrebljavamo za razumijevanje i spremanje va\u0161ih postavki za budu\u0107e posjete, pra\u0107enje oglasa i prikupljanje skupnih podataka o prometu na web-lokaciji i interakciji web-lokacije kako bismo u budu\u0107nosti mogli ponuditi bolja iskustva i alate web-lokacije.<\/p>\n\n\n\n<h2 class=\"wp-block-heading\">Dijeljenje va\u0161ih podataka<\/h2>\n\n\n\n<p>Ne prodajemo niti na drugi na\u010din prenosimo vanjskim stranama Va\u0161e osobne podatke. To ne obuhva\u0107a povjerljive tre\u0107e strane koje nam poma\u017eu u radu ili pru\u017eaju usluge vezano uz rad web stranica, pod uvjetom da te strane pristanu zadr\u017eati taj podatak povjerljivim. Mo\u017eemo objaviti i va\u0161e podatke kada smatramo da je izdavanje prikladno za pridr\u017eavanje zakona, provo\u0111enje pravila o web-lokaciji ili za\u0161titu na\u0161ih ili drugih prava, imovine ili sigurnosti.\u00a0Me\u0111utim, informacije o posjetiteljima koje nisu osobne informacije mogu se dati drugim stranama za marketing, ogla\u0161avanje ili druge svrhe.<\/p>\n\n\n\n<h2 class=\"wp-block-heading\"><strong>Va\u0161 pristanak<\/strong><\/h2>\n\n\n\n<p>Kori\u0161tenjem na\u0161e web stranice pristajete na pravila o privatnosti na\u0161ih web stranica.<\/p>\n","protected":false},"excerpt":{"rendered":"<p>Koje podatke prikupljamo? Kontakt obrasci Prikupljamo va\u0161e podatke pri ispunjavanju kontakt obrasca. Prilikom ispunjavanja kontakt obrasca, prema potrebi, od vas \u0107e se mo\u017eda tra\u017eiti da unesete svoje ime, adresu e-po\u0161te ili telefonski broj. Mo\u017eete, me\u0111utim, posjetiti na\u0161u stranicu i anonimno ako se tako odlu\u010dite. Bilo koja od informacija koje prikupimo od vas mo\u017ee se upotrijebiti&hellip;<\/p>\n<p class=\"more-link\"><a href=\"https:\/\/www.vodoprivreda.hr\/novi\/pravila-privatnosti\/\" class=\"themebutton2\">Read More<\/a><\/p>\n","protected":false},"author":1,"featured_media":0,"parent":0,"menu_order":0,"comment_status":"closed","ping_status":"closed","template":"","meta":{"footnotes":""},"_links":{"self":[{"href":"https:\/\/www.vodoprivreda.hr\/novi\/wp-json\/wp\/v2\/pages\/93"}],"collection":[{"href":"https:\/\/www.vodoprivreda.hr\/novi\/wp-json\/wp\/v2\/pages"}],"about":[{"href":"https:\/\/www.vodoprivreda.hr\/novi\/wp-json\/wp\/v2\/types\/page"}],"author":[{"embeddable":true,"href":"https:\/\/www.vodoprivreda.hr\/novi\/wp-json\/wp\/v2\/users\/1"}],"replies":[{"embeddable":true,"href":"https:\/\/www.vodoprivreda.hr\/novi\/wp-json\/wp\/v2\/comments?post=93"}],"version-history":[{"count":4,"href":"https:\/\/www.vodoprivreda.hr\/novi\/wp-json\/wp\/v2\/pages\/93\/revisions"}],"predecessor-version":[{"id":129,"href":"https:\/\/www.vodoprivreda.hr\/novi\/wp-json\/wp\/v2\/pages\/93\/revisions\/129"}],"wp:attachment":[{"href":"https:\/\/www.vodoprivreda.hr\/novi\/wp-json\/wp\/v2\/media?parent=93"}],"curies":[{"name":"wp","href":"https:\/\/api.w.org\/{rel}","templated":true}]}}