{"id":76,"date":"2021-03-08T12:06:55","date_gmt":"2021-03-08T12:06:55","guid":{"rendered":"http:\/\/www.vodoprivreda.hr\/novi\/?page_id=76"},"modified":"2021-03-09T11:48:46","modified_gmt":"2021-03-09T10:48:46","slug":"djelatnosti","status":"publish","type":"page","link":"https:\/\/www.vodoprivreda.hr\/novi\/djelatnosti\/","title":{"rendered":"Djelatnosti"},"content":{"rendered":"\n<p style=\"font-size:14px\"><em>Dru\u0161tvo mo\u017ee obavljati i druge djelatnosti koje slu\u017ee upisanim djelatnostima, ako se one obavljaju u manjem opsegu ili se uobi\u010dajeno obavljaju uz upisane djelatnosti.<\/em><\/p>\n\n\n\n<hr class=\"wp-block-separator has-text-color has-background has-vivid-cyan-blue-background-color has-vivid-cyan-blue-color is-style-wide\"\/>\n\n\n\n<ul><li>Izgradnja hidrogra\u0111evinskih objekata, ru\u0161enje gra\u0111evinskih objekata i zemljani radovi<\/li><li>Tehni\u010dko i gospodarsko odr\u017eavanje vodnog dobra, regulacijskih i vodnih gra\u0111evina i ure\u0111aja<\/li><li>Tehni\u010dko i gospodarsko odr\u017eavanje melioracijskih sustava za odvodnjavanje i navodnjavanje<\/li><li>Tehni\u010dki radovi provo\u0111enja obrane od poplava i drugih oblika za\u0161tite od \u0161tetnog djelovanja voda<\/li><li>Ure\u0111enje vodotoka i drugih voda (regulacijski radovi)<\/li><li>Rukovanje sustavom za navodnjavanje<\/li><li>\u0160umarstvo i \u0161umarske usluge<\/li><li>Va\u0111enje \u0161ljunka i pijeska<\/li><li>Iznajmljivanje strojeva i opreme za izgradnju ili ru\u0161enje s rukovateljem<\/li><li>Odr\u017eavanje i popravak motornih vozila<\/li><li>Ostali prijevoz putnika cestom<\/li><li>Prijevoz robe(tereta) cestom<\/li><li>Rije\u010dni,jezerski i drugi prijevoz na unutarnjim plovnim putevima<\/li><li>Prekrcaj tereta u rije\u010dnim lukama (pristani\u0161tima)<\/li><li>Djelatnosti na unutra\u0161njim vodenim putevima<\/li><li>Arhitektonske i in\u017einjerske djelatnosti :<\/li><li>&#8211; zasnivanje i izrada nacrta zgrada<\/li><li>&#8211; nadzor nad gradnjom<\/li><li>&#8211; in\u017einjering, projektni menad\u017ement i tehni\u010dke djelatnosti<\/li><li>&#8211; geodetsko premjeravanje<\/li><li>Tehni\u010dko ispitivanje i analiza :<\/li><li>&#8211; kupnja i prodaja robe<\/li><li>&#8211; obavljanje trgova\u010dkog posredovanja na doma\u0107em i inozemnom tr\u017ei\u0161tu<\/li><li>&#8211; gra\u0111enje, projektiranje i nadzor<\/li><li>&#8211; cestovni prijevoz roba u me\u0111unarodnom prometu<\/li><li>&#8211; zastupanje inozemnih tvrtki<\/li><li>&#8211; izvo\u0111enje investicijskih radova u inozemstvu<\/li><\/ul>\n","protected":false},"excerpt":{"rendered":"<p>Dru\u0161tvo mo\u017ee obavljati i druge djelatnosti koje slu\u017ee upisanim djelatnostima, ako se one obavljaju u manjem opsegu ili se uobi\u010dajeno obavljaju uz upisane djelatnosti. Izgradnja hidrogra\u0111evinskih objekata, ru\u0161enje gra\u0111evinskih objekata i zemljani radovi Tehni\u010dko i gospodarsko odr\u017eavanje vodnog dobra, regulacijskih i vodnih gra\u0111evina i ure\u0111aja Tehni\u010dko i gospodarsko odr\u017eavanje melioracijskih sustava za odvodnjavanje i navodnjavanje&hellip;<\/p>\n<p class=\"more-link\"><a href=\"https:\/\/www.vodoprivreda.hr\/novi\/djelatnosti\/\" class=\"themebutton2\">Read More<\/a><\/p>\n","protected":false},"author":1,"featured_media":16,"parent":0,"menu_order":0,"comment_status":"closed","ping_status":"closed","template":"","meta":{"footnotes":""},"_links":{"self":[{"href":"https:\/\/www.vodoprivreda.hr\/novi\/wp-json\/wp\/v2\/pages\/76"}],"collection":[{"href":"https:\/\/www.vodoprivreda.hr\/novi\/wp-json\/wp\/v2\/pages"}],"about":[{"href":"https:\/\/www.vodoprivreda.hr\/novi\/wp-json\/wp\/v2\/types\/page"}],"author":[{"embeddable":true,"href":"https:\/\/www.vodoprivreda.hr\/novi\/wp-json\/wp\/v2\/users\/1"}],"replies":[{"embeddable":true,"href":"https:\/\/www.vodoprivreda.hr\/novi\/wp-json\/wp\/v2\/comments?post=76"}],"version-history":[{"count":2,"href":"https:\/\/www.vodoprivreda.hr\/novi\/wp-json\/wp\/v2\/pages\/76\/revisions"}],"predecessor-version":[{"id":156,"href":"https:\/\/www.vodoprivreda.hr\/novi\/wp-json\/wp\/v2\/pages\/76\/revisions\/156"}],"wp:featuredmedia":[{"embeddable":true,"href":"https:\/\/www.vodoprivreda.hr\/novi\/wp-json\/wp\/v2\/media\/16"}],"wp:attachment":[{"href":"https:\/\/www.vodoprivreda.hr\/novi\/wp-json\/wp\/v2\/media?parent=76"}],"curies":[{"name":"wp","href":"https:\/\/api.w.org\/{rel}","templated":true}]}}