{"id":3,"date":"2020-09-18T13:12:58","date_gmt":"2020-09-18T13:12:58","guid":{"rendered":"http:\/\/www.vodoprivreda.hr\/novi\/?page_id=3"},"modified":"2023-09-07T07:36:12","modified_gmt":"2023-09-07T06:36:12","slug":"onama","status":"publish","type":"page","link":"https:\/\/www.vodoprivreda.hr\/novi\/onama\/","title":{"rendered":"O nama"},"content":{"rendered":"\n<h2 class=\"wp-block-heading\">Povijest nastanka<\/h2>\n\n\n\n<p class=\"has-text-align-left has-normal-font-size\">Na\u0161a dana\u0161nja tvrtka vu\u010de korijene jo\u0161 iz 1958.god. kada je formirana Vodna zajednica &#8220;Crnac polje&#8221; sa ciljem upravljanje objektima za obranu od poplava te objektima za odvodnju povr\u0161inskih i oborinskih voda. Osniva\u010di i \u010dlanovi Vodne zajednice bili su svi vlasnici poljoprivrednog, \u0161umskog, gra\u0111evinskog, cestovnog, \u017eeljezni\u010dkog zemlji\u0161ta, plovnih kanala, ribnjaka &#8230;<br>1970.g. dolazi do integracije Vodne zajednice &#8220;Crnac polje&#8221; i Jelas polja Slavonski Brod u Direkciju za Savu Slavonski Brod \u010dime se gubi identitet Vodnih zajednica, a osniva se OOUR &#8220;Vodoprivreda&#8221; Slavonski Brod u \u010dijem sastavu su bili svi radnici organizirani kao sekcija Nova Gradi\u0161ka.<\/p>\n\n\n\n<p class=\"has-normal-font-size\">1990. osniva se Javno Vodoprivredno poduze\u0107e(JVP) Nova Gradi\u0161ka izdvajanjem ljudi i opreme za izvo\u0111enje radova iz OOUR-a Vodoprivreda Slavonski Brod. JVP Nova Gradi\u0161ka osnovano je od tada\u0161nje skup\u0161tine op\u0107ine Nova Gradi\u0161ka, koja je ujedno i bila 100% vlasnik.<br>1995.g. JVP Nova Gradi\u0161ka izvr\u0161ilo je preoblikovanje sukladno novom Zakonu o trgova\u010dkim dru\u0161tvima i preregistrilalo se u Vodoprivreda Nova Gradi\u0161ka d.o.o. Osnovna djelatnost je ostala ista kao i svih prija\u0161njih godina, a jedina promjena bila je promjena vlasnika Dru\u0161tva. Novim Zakonom o lokalnoj i regionalnoj upravi i samoupravi nestale su Skup\u0161tine op\u0107ina kao upravno organiziranje, a Brodsko-posavska \u017eupanija kao nova regionalna uprava postala je pravni slijednik Skup\u0161tina op\u0107ina, pa tako i 100% vlasnik.<br>1997.god. novim Zakonom o vodama stvoreni su preduvjeti za privatizaciju trgova\u010dkih dru\u0161tava koji se bave izvo\u0111a\u010dkim radovima te izvr\u0161ava pretvorba i privatizacija tvrtke u dioni\u010dko dru\u0161tvo sa istim nazivom, ali s druga\u010dijom vlasni\u010dkom strukturom koja i danas egzistira.<\/p>\n\n\n\n<p>Tijekom svih ovih godina vodogospodarska djelatnost bila je i ostala osnova na\u0161eg djelovanja uz neke druge djelatnosti kojima popunjavamo na\u0161e kapacitete i zaposlenost.<br>Te djelatnosti su sljede\u0107e :<br>&#8211; izvo\u0111enje radova na vanjskim kanalizacijskim i vodoopskbnim sustavima<br>&#8211; izgradnja mostova manjih raspona odnosno preko manjih vodotoka<br>&#8211; izgradnja svih vrsta zemljanih i armirano betonskih radova u visokogradnji do kote +-0,00 tj.<br>do podova prizemlja (temelji, potporni zidovi, podrumi, podzemni rezervoari i vodospreme i sl.<br><br>U tom smislu smo dobro kadrovski i strojno opremljeni za navedeno kvalitetno izvo\u0111enje radova.<\/p>\n\n\n\n<p class=\"has-text-align-right\">Direktor : \u017deljko Blazina dipl.in\u017e.gra\u0111.<br><\/p>\n","protected":false},"excerpt":{"rendered":"<p>Povijest nastanka Na\u0161a dana\u0161nja tvrtka vu\u010de korijene jo\u0161 iz 1958.god. kada je formirana Vodna zajednica &#8220;Crnac polje&#8221; sa ciljem upravljanje objektima za obranu od poplava te objektima za odvodnju povr\u0161inskih i oborinskih voda. Osniva\u010di i \u010dlanovi Vodne zajednice bili su svi vlasnici poljoprivrednog, \u0161umskog, gra\u0111evinskog, cestovnog, \u017eeljezni\u010dkog zemlji\u0161ta, plovnih kanala, ribnjaka &#8230;1970.g. dolazi do integracije&hellip;<\/p>\n<p class=\"more-link\"><a href=\"https:\/\/www.vodoprivreda.hr\/novi\/onama\/\" class=\"themebutton2\">Read More<\/a><\/p>\n","protected":false},"author":1,"featured_media":0,"parent":0,"menu_order":0,"comment_status":"closed","ping_status":"closed","template":"","meta":{"footnotes":""},"_links":{"self":[{"href":"https:\/\/www.vodoprivreda.hr\/novi\/wp-json\/wp\/v2\/pages\/3"}],"collection":[{"href":"https:\/\/www.vodoprivreda.hr\/novi\/wp-json\/wp\/v2\/pages"}],"about":[{"href":"https:\/\/www.vodoprivreda.hr\/novi\/wp-json\/wp\/v2\/types\/page"}],"author":[{"embeddable":true,"href":"https:\/\/www.vodoprivreda.hr\/novi\/wp-json\/wp\/v2\/users\/1"}],"replies":[{"embeddable":true,"href":"https:\/\/www.vodoprivreda.hr\/novi\/wp-json\/wp\/v2\/comments?post=3"}],"version-history":[{"count":2,"href":"https:\/\/www.vodoprivreda.hr\/novi\/wp-json\/wp\/v2\/pages\/3\/revisions"}],"predecessor-version":[{"id":239,"href":"https:\/\/www.vodoprivreda.hr\/novi\/wp-json\/wp\/v2\/pages\/3\/revisions\/239"}],"wp:attachment":[{"href":"https:\/\/www.vodoprivreda.hr\/novi\/wp-json\/wp\/v2\/media?parent=3"}],"curies":[{"name":"wp","href":"https:\/\/api.w.org\/{rel}","templated":true}]}}