{"id":151,"date":"2021-03-09T11:47:42","date_gmt":"2021-03-09T10:47:42","guid":{"rendered":"http:\/\/www.vodoprivreda.hr\/novi\/?page_id=151"},"modified":"2025-01-23T07:32:30","modified_gmt":"2025-01-23T06:32:30","slug":"certifikati","status":"publish","type":"page","link":"https:\/\/www.vodoprivreda.hr\/novi\/certifikati\/","title":{"rendered":"Certifikati"},"content":{"rendered":"\n<p>Od&nbsp;<strong>14.9.2018<\/strong>&nbsp;Vodoprivreda Nova Gradi\u0161ka d.d. je certificirana od&nbsp;<a href=\"http:\/\/www.tuev-nord.de\/\">T\u00dcV NORD<\/a>&nbsp;organizacije prema&nbsp;<strong>DIN EN ISO 9001:2015<\/strong>&nbsp;i&nbsp;<strong>DIN EN ISO 14001:2015<\/strong>&nbsp;me\u0111unarodnoj normi.<\/p>\n\n\n\n<hr class=\"wp-block-separator has-text-color has-vivid-cyan-blue-color has-css-opacity has-vivid-cyan-blue-background-color has-background is-style-wide\"\/>\n\n\n\n<figure class=\"wp-block-gallery aligncenter has-nested-images columns-2 is-cropped wp-block-gallery-1 is-layout-flex wp-block-gallery-is-layout-flex\">\n<figure class=\"wp-block-image size-full\"><a href=\"https:\/\/www.vodoprivreda.hr\/novi\/wp-content\/uploads\/2025\/01\/iso9001-2024.jpg\"><img loading=\"lazy\" decoding=\"async\" width=\"594\" height=\"839\" data-id=\"245\" src=\"https:\/\/www.vodoprivreda.hr\/novi\/wp-content\/uploads\/2025\/01\/iso9001-2024.jpg\" alt=\"\" class=\"wp-image-245\" srcset=\"https:\/\/www.vodoprivreda.hr\/novi\/wp-content\/uploads\/2025\/01\/iso9001-2024.jpg 594w, https:\/\/www.vodoprivreda.hr\/novi\/wp-content\/uploads\/2025\/01\/iso9001-2024-212x300.jpg 212w\" sizes=\"(max-width: 594px) 100vw, 594px\" \/><\/a><figcaption class=\"wp-element-caption\">ISO 9001:2015<\/figcaption><\/figure>\n\n\n\n<figure class=\"wp-block-image size-full\"><a href=\"https:\/\/www.vodoprivreda.hr\/novi\/wp-content\/uploads\/2025\/01\/iso14001-2024.jpg\"><img loading=\"lazy\" decoding=\"async\" width=\"575\" height=\"815\" data-id=\"246\" src=\"https:\/\/www.vodoprivreda.hr\/novi\/wp-content\/uploads\/2025\/01\/iso14001-2024.jpg\" alt=\"\" class=\"wp-image-246\" srcset=\"https:\/\/www.vodoprivreda.hr\/novi\/wp-content\/uploads\/2025\/01\/iso14001-2024.jpg 575w, https:\/\/www.vodoprivreda.hr\/novi\/wp-content\/uploads\/2025\/01\/iso14001-2024-212x300.jpg 212w\" sizes=\"(max-width: 575px) 100vw, 575px\" \/><\/a><figcaption class=\"wp-element-caption\">ISO 14001:2015<br><\/figcaption><\/figure>\n<\/figure>\n\n\n\n<p><\/p>\n","protected":false},"excerpt":{"rendered":"<p>Od&nbsp;14.9.2018&nbsp;Vodoprivreda Nova Gradi\u0161ka d.d. je certificirana od&nbsp;T\u00dcV NORD&nbsp;organizacije prema&nbsp;DIN EN ISO 9001:2015&nbsp;i&nbsp;DIN EN ISO 14001:2015&nbsp;me\u0111unarodnoj normi.<\/p>\n","protected":false},"author":1,"featured_media":218,"parent":0,"menu_order":0,"comment_status":"closed","ping_status":"closed","template":"","meta":{"footnotes":""},"_links":{"self":[{"href":"https:\/\/www.vodoprivreda.hr\/novi\/wp-json\/wp\/v2\/pages\/151"}],"collection":[{"href":"https:\/\/www.vodoprivreda.hr\/novi\/wp-json\/wp\/v2\/pages"}],"about":[{"href":"https:\/\/www.vodoprivreda.hr\/novi\/wp-json\/wp\/v2\/types\/page"}],"author":[{"embeddable":true,"href":"https:\/\/www.vodoprivreda.hr\/novi\/wp-json\/wp\/v2\/users\/1"}],"replies":[{"embeddable":true,"href":"https:\/\/www.vodoprivreda.hr\/novi\/wp-json\/wp\/v2\/comments?post=151"}],"version-history":[{"count":19,"href":"https:\/\/www.vodoprivreda.hr\/novi\/wp-json\/wp\/v2\/pages\/151\/revisions"}],"predecessor-version":[{"id":248,"href":"https:\/\/www.vodoprivreda.hr\/novi\/wp-json\/wp\/v2\/pages\/151\/revisions\/248"}],"wp:featuredmedia":[{"embeddable":true,"href":"https:\/\/www.vodoprivreda.hr\/novi\/wp-json\/wp\/v2\/media\/218"}],"wp:attachment":[{"href":"https:\/\/www.vodoprivreda.hr\/novi\/wp-json\/wp\/v2\/media?parent=151"}],"curies":[{"name":"wp","href":"https:\/\/api.w.org\/{rel}","templated":true}]}}